{"id":98,"date":"2009-12-04T10:34:31","date_gmt":"2009-12-04T09:34:31","guid":{"rendered":"http:\/\/www.toepferkurse-becker.de\/WordPress\/?page_id=98"},"modified":"2026-02-12T17:31:56","modified_gmt":"2026-02-12T16:31:56","slug":"impressum","status":"publish","type":"page","link":"https:\/\/www.toepferkurse-becker.de\/WordPress\/?page_id=98","title":{"rendered":"\u00dcbernachtungsm\u00f6glichkeiten"},"content":{"rendered":"<p>Neu: Wir bieten einen kostenlosen Fahrradverleih (kein E-Bike) f\u00fcr Kursteilnehmer an. Falls gew\u00fcnscht, bitte bei Kursbuchung mitteilen.<\/p>\n<p>Hier einige Vorschl\u00e4ge von \u00dcbernachtungsm\u00f6glichkeiten mit Telefon Nr. in der N\u00e4he.<\/p>\n<p><span style=\"color: #ff0000;\">Malberg Hotel in Moschheim (2 km von der Werkstatt) 0171\/3881643, sehr gut zu Fu\u00df oder mit dem Leihfahrrad zu erreichen!!<\/span><\/p>\n<p>Ferienwohnung direkt im Ort:\u00a0<a href=\"https:\/\/www.staudt-gemeinde.de\/tourismus\">https:\/\/www.staudt-gemeinde.de\/tourismus<\/a>, im Moment (2025\/26) leider nicht verf\u00fcgbar!<\/p>\n<p>Informationen zu freien Terminen und Buchungen sind jederzeit m\u00f6glich. F\u00fcr R\u00fcckfragen und Besichtigungen k\u00f6nnen Sie die f\u00fcr die Vermietungen zust\u00e4ndige Mitarbeiterin Frau Nicole Normann-Eschen unter der E-Mail\u00a0<a class=\"hyperlink functional-link\" title=\"E-Mail an vermietung@staudt-gemeinde.de\" href=\"mailto:vermietung@staudt-gemeinde.de\" target=\"_blank\" rel=\"noopener\">vermietung@staudt-gemeinde.de<\/a> bzw. unter der Telefonnummer 02602\/9989030 erreichen (40,00 \u20ac die Nacht zzgl. W\u00e4schepaket). Preisangabe 2023.<\/p>\n<p>Ferienhaus in Oberahr (8 km von der Werkstatt, ca. 8 Minuten mit dem Auto).<\/p>\n<p><a href=\"https:\/\/waellerland.com\/gastgeber\/#\/unterkuenfte\/RPT\/fef04223-e171-4996-88d2-1aeea57c1b4f\/ferienhaus-retro-rifft-moderne?useDetailSearch=false\">https:\/\/waellerland.com\/gastgeber\/#\/unterkuenfte\/RPT\/fef04223-e171-4996-88d2-1aeea57c1b4f\/ferienhaus-retro-rifft-moderne?useDetailSearch=false<\/a><\/p>\n<p>Ferienwohnungen in Montabaur:<\/p>\n<p><a href=\"https:\/\/www.booking.com\/apartments\/city\/de\/montabaur.de.html\">https:\/\/www.booking.com\/apartments\/city\/de\/montabaur.de.html<\/a><\/p>\n<p>Historisches Landhotel Studentenm\u00fchle in Nomborn (ca. 6 km) 06485\/9122-0<\/p>\n<p>Hotel Alte Viehweide in Helferskirchen (ca. 7 km) 02626\/3494929<\/p>\n<p>Neu ab September 2022: Wohnmobilstellpl\u00e4tze hier im Ort:<\/p>\n<p><a href=\"https:\/\/www.staudt-gemeinde.de\/tourismus\/wohnmobilstellplaetze\/\">https:\/\/www.staudt-gemeinde.de\/tourismus\/wohnmobilstellplaetze\/<\/a><\/p>\n<p><img loading=\"lazy\" decoding=\"async\" class=\"alignnone size-thumbnail wp-image-6163\" src=\"https:\/\/www.toepferkurse-becker.de\/WordPress\/wp-content\/uploads\/2023\/04\/IMG_20230410_1735011-150x150.jpg\" alt=\"\" width=\"150\" height=\"150\" \/><img loading=\"lazy\" decoding=\"async\" class=\"alignnone size-thumbnail wp-image-6164\" src=\"https:\/\/www.toepferkurse-becker.de\/WordPress\/wp-content\/uploads\/2023\/04\/IMG_20230410_1735241-150x150.jpg\" alt=\"\" width=\"150\" height=\"150\" \/><img loading=\"lazy\" decoding=\"async\" class=\"alignnone size-thumbnail wp-image-6165\" src=\"https:\/\/www.toepferkurse-becker.de\/WordPress\/wp-content\/uploads\/2023\/04\/IMG_20230410_1736221-150x150.jpg\" alt=\"\" width=\"150\" height=\"150\" \/><img loading=\"lazy\" decoding=\"async\" class=\"alignnone size-thumbnail wp-image-6422\" src=\"https:\/\/www.toepferkurse-becker.de\/WordPress\/wp-content\/uploads\/2023\/10\/IMG_20231003_1057581-150x150.jpg\" alt=\"\" width=\"150\" height=\"150\" \/><\/p>\n<p>Pension Mausm\u00fchle (ca.8 km von der Werkstatt): 02626\/411<\/p>\n<p>Campingplatz in Girod: (ca. 6 km von der Werkstatt) 06485\/766<\/p>\n<p>Hotel zur Post in Montabaur (ca. 3 km von der Werkstatt) 02602\/101430<\/p>\n<p>Hotel Schloss Montabaur (ca. 3 km von der Werkstatt) 02602\/14300<\/p>\n<p>Ferienwohnung in Bannberscheid ( ca. 1 km von der Werkstatt) 0179\/4432086; Familie Eichmann<\/p>\n<p>&nbsp;<\/p>\n<p>&nbsp;<\/p>\n<p>&nbsp;<\/p>\n","protected":false},"excerpt":{"rendered":"<p>Neu: Wir bieten einen kostenlosen Fahrradverleih (kein E-Bike) f\u00fcr Kursteilnehmer an. Falls gew\u00fcnscht, bitte bei Kursbuchung mitteilen. Hier einige Vorschl\u00e4ge von \u00dcbernachtungsm\u00f6glichkeiten mit Telefon Nr. in der N\u00e4he. Malberg Hotel in Moschheim (2 km von der Werkstatt) 0171\/3881643, sehr gut zu Fu\u00df oder mit dem Leihfahrrad zu erreichen!! Ferienwohnung direkt im Ort:\u00a0https:\/\/www.staudt-gemeinde.de\/tourismus, im Moment (2025\/26) [&hellip;]<\/p>\n","protected":false},"author":1,"featured_media":0,"parent":0,"menu_order":15,"comment_status":"open","ping_status":"closed","template":"","meta":{"footnotes":""},"class_list":["post-98","page","type-page","status-publish","hentry"],"_links":{"self":[{"href":"https:\/\/www.toepferkurse-becker.de\/WordPress\/index.php?rest_route=\/wp\/v2\/pages\/98","targetHints":{"allow":["GET"]}}],"collection":[{"href":"https:\/\/www.toepferkurse-becker.de\/WordPress\/index.php?rest_route=\/wp\/v2\/pages"}],"about":[{"href":"https:\/\/www.toepferkurse-becker.de\/WordPress\/index.php?rest_route=\/wp\/v2\/types\/page"}],"author":[{"embeddable":true,"href":"https:\/\/www.toepferkurse-becker.de\/WordPress\/index.php?rest_route=\/wp\/v2\/users\/1"}],"replies":[{"embeddable":true,"href":"https:\/\/www.toepferkurse-becker.de\/WordPress\/index.php?rest_route=%2Fwp%2Fv2%2Fcomments&post=98"}],"version-history":[{"count":64,"href":"https:\/\/www.toepferkurse-becker.de\/WordPress\/index.php?rest_route=\/wp\/v2\/pages\/98\/revisions"}],"predecessor-version":[{"id":100,"href":"https:\/\/www.toepferkurse-becker.de\/WordPress\/index.php?rest_route=\/wp\/v2\/pages\/98\/revisions\/100"}],"wp:attachment":[{"href":"https:\/\/www.toepferkurse-becker.de\/WordPress\/index.php?rest_route=%2Fwp%2Fv2%2Fmedia&parent=98"}],"curies":[{"name":"wp","href":"https:\/\/api.w.org\/{rel}","templated":true}]}}