{"id":7528,"date":"2025-01-24T18:08:22","date_gmt":"2025-01-24T17:08:22","guid":{"rendered":"https:\/\/www.toepferkurse-becker.de\/WordPress\/?page_id=7528"},"modified":"2026-04-23T09:18:08","modified_gmt":"2026-04-23T08:18:08","slug":"keramik-mal-werkstatt-pottery-painting-eigene-keramik-glasieren","status":"publish","type":"page","link":"https:\/\/www.toepferkurse-becker.de\/WordPress\/?page_id=7528","title":{"rendered":"Keramik-Mal-Werkstatt\/ Pottery Painting\/ Keramikrohlinge selbst bemalen"},"content":{"rendered":"<h3><span style=\"color: #333399;\"><em>Kurs: Pottery Painting\/ Keramik selbst bemalen!<\/em><\/span><\/h3>\n<h4><strong>Hier nur einige Beispiele aus dem Sortiment der Rohlinge!<\/strong><\/h4>\n<h4>Nat\u00fcrlich auch f\u00fcr Team-Building, Geburtstagsfeiern, Junggesellenabschiede und weitere Events immer ein kreatives Erlebnis.<\/h4>\n<p><img loading=\"lazy\" decoding=\"async\" class=\"alignnone size-thumbnail wp-image-8501\" src=\"https:\/\/www.toepferkurse-becker.de\/WordPress\/wp-content\/uploads\/2026\/04\/IMG_20260313_180152_Original-150x150.jpeg\" alt=\"\" width=\"150\" height=\"150\" \/><img loading=\"lazy\" decoding=\"async\" class=\"alignnone size-thumbnail wp-image-8497\" src=\"https:\/\/www.toepferkurse-becker.de\/WordPress\/wp-content\/uploads\/2026\/04\/IMG_0265_Original-150x150.jpeg\" alt=\"\" width=\"150\" height=\"150\" \/><img loading=\"lazy\" decoding=\"async\" class=\"alignnone size-thumbnail wp-image-8496\" src=\"https:\/\/www.toepferkurse-becker.de\/WordPress\/wp-content\/uploads\/2026\/04\/IMG_0259_Original-150x150.jpeg\" alt=\"\" width=\"150\" height=\"150\" \/><img loading=\"lazy\" decoding=\"async\" class=\"alignnone size-thumbnail wp-image-8499\" src=\"https:\/\/www.toepferkurse-becker.de\/WordPress\/wp-content\/uploads\/2026\/04\/IMG_20260307_190323_Original-150x150.jpeg\" alt=\"\" width=\"150\" height=\"150\" \/><img loading=\"lazy\" decoding=\"async\" class=\"alignnone size-thumbnail wp-image-8485\" src=\"https:\/\/www.toepferkurse-becker.de\/WordPress\/wp-content\/uploads\/2026\/04\/IMG_0248-150x150.jpeg\" alt=\"\" width=\"150\" height=\"150\" \/><img loading=\"lazy\" decoding=\"async\" class=\"alignnone size-thumbnail wp-image-8484\" src=\"https:\/\/www.toepferkurse-becker.de\/WordPress\/wp-content\/uploads\/2026\/04\/IMG_0246-150x150.jpeg\" alt=\"\" width=\"150\" height=\"150\" \/><img loading=\"lazy\" decoding=\"async\" class=\"alignnone size-thumbnail wp-image-8486\" src=\"https:\/\/www.toepferkurse-becker.de\/WordPress\/wp-content\/uploads\/2026\/04\/IMG_0249-150x150.jpeg\" alt=\"\" width=\"150\" height=\"150\" \/><img loading=\"lazy\" decoding=\"async\" class=\"alignnone size-thumbnail wp-image-8487\" src=\"https:\/\/www.toepferkurse-becker.de\/WordPress\/wp-content\/uploads\/2026\/04\/IMG_0251-150x150.jpeg\" alt=\"\" width=\"150\" height=\"150\" \/><img loading=\"lazy\" decoding=\"async\" class=\"alignnone size-thumbnail wp-image-8488\" src=\"https:\/\/www.toepferkurse-becker.de\/WordPress\/wp-content\/uploads\/2026\/04\/IMG_0252_Original-150x150.jpeg\" alt=\"\" width=\"150\" height=\"150\" \/><img loading=\"lazy\" decoding=\"async\" class=\"alignnone size-thumbnail wp-image-8489\" src=\"https:\/\/www.toepferkurse-becker.de\/WordPress\/wp-content\/uploads\/2026\/04\/IMG_0254_Original-150x150.jpeg\" alt=\"I\" width=\"150\" height=\"150\" \/><img loading=\"lazy\" decoding=\"async\" class=\"alignnone size-thumbnail wp-image-8492\" src=\"https:\/\/www.toepferkurse-becker.de\/WordPress\/wp-content\/uploads\/2026\/04\/IMG_0256_Original-150x150.jpeg\" alt=\"\" width=\"150\" height=\"150\" \/><img loading=\"lazy\" decoding=\"async\" class=\"alignnone size-thumbnail wp-image-8495\" src=\"https:\/\/www.toepferkurse-becker.de\/WordPress\/wp-content\/uploads\/2026\/04\/IMG_0263_Original-150x150.jpeg\" alt=\"\" width=\"150\" height=\"150\" \/><img loading=\"lazy\" decoding=\"async\" class=\"alignnone size-thumbnail wp-image-8498\" src=\"https:\/\/www.toepferkurse-becker.de\/WordPress\/wp-content\/uploads\/2026\/04\/IMG_0261_Original-150x150.jpeg\" alt=\"\" width=\"150\" height=\"150\" \/><img loading=\"lazy\" decoding=\"async\" class=\"alignnone size-thumbnail wp-image-8500\" src=\"https:\/\/www.toepferkurse-becker.de\/WordPress\/wp-content\/uploads\/2026\/04\/IMG_20260308_173958_Original-150x150.jpeg\" alt=\"\" width=\"150\" height=\"150\" \/><img loading=\"lazy\" decoding=\"async\" class=\"alignnone size-thumbnail wp-image-8504\" src=\"https:\/\/www.toepferkurse-becker.de\/WordPress\/wp-content\/uploads\/2026\/04\/IMG_20260308_173950_Original-150x150.jpeg\" alt=\"\" width=\"150\" height=\"150\" \/><img loading=\"lazy\" decoding=\"async\" class=\"alignnone size-thumbnail wp-image-8502\" src=\"https:\/\/www.toepferkurse-becker.de\/WordPress\/wp-content\/uploads\/2026\/04\/IMG_20260307_174733_Original-150x150.jpeg\" alt=\"\" width=\"150\" height=\"150\" \/><img loading=\"lazy\" decoding=\"async\" class=\"alignnone size-thumbnail wp-image-8503\" src=\"https:\/\/www.toepferkurse-becker.de\/WordPress\/wp-content\/uploads\/2026\/04\/IMG_20260307_190327_Original-150x150.jpeg\" alt=\"\" width=\"150\" height=\"150\" \/><img loading=\"lazy\" decoding=\"async\" class=\"alignnone size-thumbnail wp-image-8506\" src=\"https:\/\/www.toepferkurse-becker.de\/WordPress\/wp-content\/uploads\/2026\/04\/IMG_0099-150x150.jpeg\" alt=\"\" width=\"150\" height=\"150\" \/><img loading=\"lazy\" decoding=\"async\" class=\"alignnone size-thumbnail wp-image-8505\" src=\"https:\/\/www.toepferkurse-becker.de\/WordPress\/wp-content\/uploads\/2026\/04\/IMG_0097-150x150.jpeg\" alt=\"\" width=\"150\" height=\"150\" \/><\/p>\n<p>&nbsp;<\/p>\n<h4><img loading=\"lazy\" decoding=\"async\" class=\"alignnone size-thumbnail wp-image-7597\" src=\"https:\/\/www.toepferkurse-becker.de\/WordPress\/wp-content\/uploads\/2025\/02\/IMG_20250222_102521-150x150.jpg\" alt=\"\" width=\"150\" height=\"150\" \/><img loading=\"lazy\" decoding=\"async\" class=\"alignnone size-thumbnail wp-image-7598\" src=\"https:\/\/www.toepferkurse-becker.de\/WordPress\/wp-content\/uploads\/2025\/02\/IMG_20250222_215524-150x150.jpg\" alt=\"\" width=\"150\" height=\"150\" \/><img loading=\"lazy\" decoding=\"async\" class=\"alignnone size-thumbnail wp-image-7599\" src=\"https:\/\/www.toepferkurse-becker.de\/WordPress\/wp-content\/uploads\/2025\/02\/IMG_20250227_173607-150x150.jpg\" alt=\"\" width=\"150\" height=\"150\" \/><img loading=\"lazy\" decoding=\"async\" class=\"alignnone size-thumbnail wp-image-7600\" src=\"https:\/\/www.toepferkurse-becker.de\/WordPress\/wp-content\/uploads\/2025\/02\/IMG_20250227_173846-150x150.jpg\" alt=\"\" width=\"150\" height=\"150\" \/><img loading=\"lazy\" decoding=\"async\" class=\"alignnone size-thumbnail wp-image-7540\" src=\"https:\/\/www.toepferkurse-becker.de\/WordPress\/wp-content\/uploads\/2025\/01\/IMG-20250121-WA0004-150x150.jpg\" alt=\"\" width=\"150\" height=\"150\" \/><img loading=\"lazy\" decoding=\"async\" class=\"alignnone size-thumbnail wp-image-7541\" src=\"https:\/\/www.toepferkurse-becker.de\/WordPress\/wp-content\/uploads\/2025\/01\/IMG-20250121-WA0008-150x150.jpg\" alt=\"\" width=\"150\" height=\"150\" \/><img loading=\"lazy\" decoding=\"async\" class=\"alignnone size-thumbnail wp-image-7714\" src=\"https:\/\/www.toepferkurse-becker.de\/WordPress\/wp-content\/uploads\/2025\/04\/IMG_20250413_112427-150x150.jpg\" alt=\"\" width=\"150\" height=\"150\" \/><\/h4>\n<p><img loading=\"lazy\" decoding=\"async\" class=\"alignnone size-thumbnail wp-image-7706\" src=\"https:\/\/www.toepferkurse-becker.de\/WordPress\/wp-content\/uploads\/2025\/04\/IMG_20250413_112917-150x150.jpg\" alt=\"\" width=\"150\" height=\"150\" \/><img loading=\"lazy\" decoding=\"async\" class=\"alignnone size-thumbnail wp-image-7707\" src=\"https:\/\/www.toepferkurse-becker.de\/WordPress\/wp-content\/uploads\/2025\/04\/IMG_20250413_112419-150x150.jpg\" alt=\"\" width=\"150\" height=\"150\" \/><img loading=\"lazy\" decoding=\"async\" class=\"alignnone size-thumbnail wp-image-7708\" src=\"https:\/\/www.toepferkurse-becker.de\/WordPress\/wp-content\/uploads\/2025\/04\/IMG_20250413_113028-150x150.jpg\" alt=\"\" width=\"150\" height=\"150\" \/><img loading=\"lazy\" decoding=\"async\" class=\"alignnone size-thumbnail wp-image-7709\" src=\"https:\/\/www.toepferkurse-becker.de\/WordPress\/wp-content\/uploads\/2025\/04\/IMG_20250413_113018-150x150.jpg\" alt=\"\" width=\"150\" height=\"150\" \/><img loading=\"lazy\" decoding=\"async\" class=\"alignnone size-thumbnail wp-image-7710\" src=\"https:\/\/www.toepferkurse-becker.de\/WordPress\/wp-content\/uploads\/2025\/04\/IMG_20250413_112850-150x150.jpg\" alt=\"\" width=\"150\" height=\"150\" \/><img loading=\"lazy\" decoding=\"async\" class=\"alignnone size-thumbnail wp-image-7711\" src=\"https:\/\/www.toepferkurse-becker.de\/WordPress\/wp-content\/uploads\/2025\/04\/IMG_20250413_113037-150x150.jpg\" alt=\"\" width=\"150\" height=\"150\" \/><img loading=\"lazy\" decoding=\"async\" class=\"alignnone size-thumbnail wp-image-7712\" src=\"https:\/\/www.toepferkurse-becker.de\/WordPress\/wp-content\/uploads\/2025\/04\/IMG_20250413_112927-150x150.jpg\" alt=\"\" width=\"150\" height=\"150\" \/><img loading=\"lazy\" decoding=\"async\" class=\"alignnone size-thumbnail wp-image-7713\" src=\"https:\/\/www.toepferkurse-becker.de\/WordPress\/wp-content\/uploads\/2025\/04\/IMG_20250413_112414-150x150.jpg\" alt=\"\" width=\"150\" height=\"150\" \/><\/p>\n<h4><img loading=\"lazy\" decoding=\"async\" class=\"alignnone size-thumbnail wp-image-7543\" src=\"https:\/\/www.toepferkurse-becker.de\/WordPress\/wp-content\/uploads\/2025\/01\/IMG-20250121-WA0009-150x150.jpg\" alt=\"\" width=\"150\" height=\"150\" \/><img loading=\"lazy\" decoding=\"async\" class=\"alignnone size-thumbnail wp-image-7544\" src=\"https:\/\/www.toepferkurse-becker.de\/WordPress\/wp-content\/uploads\/2025\/01\/IMG-20250121-WA0012-150x150.jpg\" alt=\"\" width=\"150\" height=\"150\" \/><img loading=\"lazy\" decoding=\"async\" class=\"alignnone size-thumbnail wp-image-7548\" src=\"https:\/\/www.toepferkurse-becker.de\/WordPress\/wp-content\/uploads\/2025\/01\/IMG_20241215_114048-150x150.jpg\" alt=\"\" width=\"150\" height=\"150\" \/><img loading=\"lazy\" decoding=\"async\" class=\"alignnone size-thumbnail wp-image-7549\" src=\"https:\/\/www.toepferkurse-becker.de\/WordPress\/wp-content\/uploads\/2025\/01\/IMG_20241212_085959-150x150.jpg\" alt=\"\" width=\"150\" height=\"150\" \/><img loading=\"lazy\" decoding=\"async\" class=\"alignnone size-thumbnail wp-image-7538\" src=\"https:\/\/www.toepferkurse-becker.de\/WordPress\/wp-content\/uploads\/2025\/01\/IMG-20250121-WA0007-150x150.jpg\" alt=\"\" width=\"150\" height=\"150\" \/><img loading=\"lazy\" decoding=\"async\" class=\"alignnone size-thumbnail wp-image-6128\" src=\"https:\/\/www.toepferkurse-becker.de\/WordPress\/wp-content\/uploads\/2023\/02\/IMG_0276-150x150.jpg\" alt=\"\" width=\"150\" height=\"150\" \/><\/h4>\n<p><img loading=\"lazy\" decoding=\"async\" class=\"alignnone size-thumbnail wp-image-7559\" src=\"https:\/\/www.toepferkurse-becker.de\/WordPress\/wp-content\/uploads\/2025\/01\/IMG-20250121-WA0012-1-150x150.jpg\" alt=\"\" width=\"150\" height=\"150\" \/><img loading=\"lazy\" decoding=\"async\" class=\"alignnone size-thumbnail wp-image-7560\" src=\"https:\/\/www.toepferkurse-becker.de\/WordPress\/wp-content\/uploads\/2025\/01\/IMG-20250121-WA0010-150x150.jpg\" alt=\"\" width=\"150\" height=\"150\" \/><img loading=\"lazy\" decoding=\"async\" class=\"alignnone size-thumbnail wp-image-7561\" src=\"https:\/\/www.toepferkurse-becker.de\/WordPress\/wp-content\/uploads\/2025\/01\/IMG-20250121-WA0021-150x150.jpg\" alt=\"\" width=\"150\" height=\"150\" \/><\/p>\n<h4><strong>Bemalen und Glasieren von Keramikrohlingen!<\/strong><br \/>\n<strong>Sucht euch eine Tasse, einen Becher, einen Teller oder Sonstiges aus meinem Sortiment aus. Jetzt k\u00f6nnt ihr aus einem reichhaltigen Farbsortiment eure Farben w\u00e4hlen und die Rohlinge bemalen und eurer Kreativit\u00e4t beim Malen oder Glasieren freien Lauf lassen.<\/strong><br \/>\n<strong>Der Kurs dauert ca. 2,5\u00a0 Stunden und ist individuell f\u00fcr Gruppen von 4 bis 20 Personen\u00a0 nach vorheriger Terminabsprache m\u00f6glich.<\/strong><\/h4>\n<h4><strong>Preis: 15,00 \u20ac pro Person (diese Kursgeb\u00fchr entf\u00e4llt, wenn f\u00fcr mindestens 35,00 \u20ac Rohlinge bemalt werden) zzgl. des Preises pro Rohling, hier f\u00e4ngt es z.B. mit 12,00 \u20ac f\u00fcr einen Becher an. Selbstverst\u00e4ndlich erkl\u00e4re ich euch auch die genaue Vorgehensweise und den richtigen Umgang mit den lebensmittelechten Glasuren und Hilfsmitteln.\u00a0\u00a0<\/strong><\/h4>\n<h4><strong>Preise der Rohlinge, die zus\u00e4tzlich bemalt werden k\u00f6nnen inkl. Glasuren und Brand, liegen zwischen 14,00 \u20ac und 20 \u20ac.<\/strong><\/h4>\n<h4><\/h4>\n<p>&nbsp;<\/p>\n<p>&nbsp;<\/p>\n<p>&nbsp;<\/p>\n<h4><\/h4>\n","protected":false},"excerpt":{"rendered":"<p>Kurs: Pottery Painting\/ Keramik selbst bemalen! Hier nur einige Beispiele aus dem Sortiment der Rohlinge! Nat\u00fcrlich auch f\u00fcr Team-Building, Geburtstagsfeiern, Junggesellenabschiede und weitere Events immer ein kreatives Erlebnis. &nbsp; Bemalen und Glasieren von Keramikrohlingen! Sucht euch eine Tasse, einen Becher, einen Teller oder Sonstiges aus meinem Sortiment aus. Jetzt k\u00f6nnt ihr aus einem reichhaltigen Farbsortiment [&hellip;]<\/p>\n","protected":false},"author":2,"featured_media":0,"parent":0,"menu_order":14,"comment_status":"closed","ping_status":"closed","template":"","meta":{"footnotes":""},"class_list":["post-7528","page","type-page","status-publish","hentry"],"_links":{"self":[{"href":"https:\/\/www.toepferkurse-becker.de\/WordPress\/index.php?rest_route=\/wp\/v2\/pages\/7528","targetHints":{"allow":["GET"]}}],"collection":[{"href":"https:\/\/www.toepferkurse-becker.de\/WordPress\/index.php?rest_route=\/wp\/v2\/pages"}],"about":[{"href":"https:\/\/www.toepferkurse-becker.de\/WordPress\/index.php?rest_route=\/wp\/v2\/types\/page"}],"author":[{"embeddable":true,"href":"https:\/\/www.toepferkurse-becker.de\/WordPress\/index.php?rest_route=\/wp\/v2\/users\/2"}],"replies":[{"embeddable":true,"href":"https:\/\/www.toepferkurse-becker.de\/WordPress\/index.php?rest_route=%2Fwp%2Fv2%2Fcomments&post=7528"}],"version-history":[{"count":38,"href":"https:\/\/www.toepferkurse-becker.de\/WordPress\/index.php?rest_route=\/wp\/v2\/pages\/7528\/revisions"}],"predecessor-version":[{"id":8516,"href":"https:\/\/www.toepferkurse-becker.de\/WordPress\/index.php?rest_route=\/wp\/v2\/pages\/7528\/revisions\/8516"}],"wp:attachment":[{"href":"https:\/\/www.toepferkurse-becker.de\/WordPress\/index.php?rest_route=%2Fwp%2Fv2%2Fmedia&parent=7528"}],"curies":[{"name":"wp","href":"https:\/\/api.w.org\/{rel}","templated":true}]}}