{"id":6603,"date":"2024-04-12T16:39:46","date_gmt":"2024-04-12T15:39:46","guid":{"rendered":"https:\/\/www.toepferkurse-becker.de\/WordPress\/?page_id=6603"},"modified":"2025-07-13T10:15:51","modified_gmt":"2025-07-13T09:15:51","slug":"einzelunterricht-drehen-glasuren-drucken-auf-keramik","status":"publish","type":"page","link":"https:\/\/www.toepferkurse-becker.de\/WordPress\/?page_id=6603","title":{"rendered":"Einzel und Online-Unterricht: Drehen\/Glasuren\/Drucken auf Keramik\/Siebdruck\/Rakubrand"},"content":{"rendered":"<h4>Im Einzelunterricht ist die Betreuung nat\u00fcrlich sehr intensiv und individuell.<\/h4>\n<h4>Drehen an der T\u00f6pferscheibe: 180 Minuten Einzelunterricht: 160,00 \u20ac! Termin nach Absprache, hier k\u00f6nnen Anf\u00e4nger sowie Fortgeschrittene eigene Themen ausw\u00e4hlen, sei es als Anf\u00e4nger das Zentrieren oder als Fortgeschrittener eine gr\u00f6\u00dfere Menge Ton oder die Teekanne&#8230;.., hier ist alles m\u00f6glich.<\/h4>\n<h4><\/h4>\n<h4>Glasuren: 180 Minuten: 160,00 \u20ac! Thema nach vorheriger Absprache.<\/h4>\n<h4>Drucken oder Siebdruck auf Keramik: 180 Minuten: 250,00 \u20ac! Auch hier k\u00f6nnen Themen aus dem Kursprogramm nach vorheriger Absprache im Einzelunterricht erlernt werden.<\/h4>\n<p><strong>Rakubrand: 240 Minuten: 250,00 \u20ac, hier k\u00f6nnen trotz Einzelunterricht max. 2 Personen teilnehmen; Preis f\u00fcr 2 Personen 500,00 \u20ac! Geschr\u00fchte Keramiken m\u00fcssen nat\u00fcrlich mitgebracht werden. Gr\u00f6\u00dfe und Anzahl der Keramiken bitte der Beschreibung entnehmen\u00a0<a href=\"https:\/\/www.toepferkurse-becker.de\/WordPress\/?page_id=76\">https:\/\/www.toepferkurse-becker.de\/WordPress\/?page_id=76<\/a><\/strong><\/p>\n<h4>Bei Interesse am einfachsten per Mail: kaibecker0368@gmail.com<\/h4>\n<p>&nbsp;<\/p>\n","protected":false},"excerpt":{"rendered":"<p>Im Einzelunterricht ist die Betreuung nat\u00fcrlich sehr intensiv und individuell. Drehen an der T\u00f6pferscheibe: 180 Minuten Einzelunterricht: 160,00 \u20ac! Termin nach Absprache, hier k\u00f6nnen Anf\u00e4nger sowie Fortgeschrittene eigene Themen ausw\u00e4hlen, sei es als Anf\u00e4nger das Zentrieren oder als Fortgeschrittener eine gr\u00f6\u00dfere Menge Ton oder die Teekanne&#8230;.., hier ist alles m\u00f6glich. Glasuren: 180 Minuten: 160,00 \u20ac! [&hellip;]<\/p>\n","protected":false},"author":2,"featured_media":0,"parent":0,"menu_order":14,"comment_status":"closed","ping_status":"closed","template":"","meta":{"footnotes":""},"class_list":["post-6603","page","type-page","status-publish","hentry"],"_links":{"self":[{"href":"https:\/\/www.toepferkurse-becker.de\/WordPress\/index.php?rest_route=\/wp\/v2\/pages\/6603","targetHints":{"allow":["GET"]}}],"collection":[{"href":"https:\/\/www.toepferkurse-becker.de\/WordPress\/index.php?rest_route=\/wp\/v2\/pages"}],"about":[{"href":"https:\/\/www.toepferkurse-becker.de\/WordPress\/index.php?rest_route=\/wp\/v2\/types\/page"}],"author":[{"embeddable":true,"href":"https:\/\/www.toepferkurse-becker.de\/WordPress\/index.php?rest_route=\/wp\/v2\/users\/2"}],"replies":[{"embeddable":true,"href":"https:\/\/www.toepferkurse-becker.de\/WordPress\/index.php?rest_route=%2Fwp%2Fv2%2Fcomments&post=6603"}],"version-history":[{"count":9,"href":"https:\/\/www.toepferkurse-becker.de\/WordPress\/index.php?rest_route=\/wp\/v2\/pages\/6603\/revisions"}],"predecessor-version":[{"id":7871,"href":"https:\/\/www.toepferkurse-becker.de\/WordPress\/index.php?rest_route=\/wp\/v2\/pages\/6603\/revisions\/7871"}],"wp:attachment":[{"href":"https:\/\/www.toepferkurse-becker.de\/WordPress\/index.php?rest_route=%2Fwp%2Fv2%2Fmedia&parent=6603"}],"curies":[{"name":"wp","href":"https:\/\/api.w.org\/{rel}","templated":true}]}}