{"id":3762,"date":"2016-09-12T19:28:31","date_gmt":"2016-09-12T18:28:31","guid":{"rendered":"http:\/\/www.toepferkurse-becker.de\/WordPress\/?page_id=3762"},"modified":"2026-02-12T17:29:02","modified_gmt":"2026-02-12T16:29:02","slug":"werkstatt-und-umgebung","status":"publish","type":"page","link":"https:\/\/www.toepferkurse-becker.de\/WordPress\/?page_id=3762","title":{"rendered":"Impressionen\/ Werkstatt\/ Sehensw\u00fcrdigkeiten\/ R\u00fccktrittsbedingungen"},"content":{"rendered":"<p>Selbstverst\u00e4ndlich kommt ihr wegen der Kurse nach Staudt, dennoch lohnt sich der Weg gleich doppelt. Einkaufsm\u00f6glichkeiten rund ums T\u00f6pfern bei naheliegenden H\u00e4ndlern wie Carl J\u00e4ger oder bei der Firma Wolbring sind m\u00f6glich. Au\u00dferdem gibt es einige andere T\u00f6pfereien sowie eine reizvolle Landschaft mit einem Tonwanderweg und vielen Sehensw\u00fcrdigkeiten in n\u00e4chster N\u00e4he. Das Keramikmuseum mit wechselnden Ausstellungen ist nat\u00fcrlich immer einen Besuch wert. Au\u00dferdem gibt es im wundersch\u00f6nen Naturerholungsgebiet Gelbachtal einen kunstvollen Skulpturenwanderweg. Bei uns im Kannenb\u00e4ckerland gibt es also vieles zu sehen und zu erleben.<\/p>\n<p><img loading=\"lazy\" decoding=\"async\" class=\"alignnone size-medium wp-image-3900\" src=\"https:\/\/www.toepferkurse-becker.de\/WordPress\/wp-content\/uploads\/2016\/09\/IMG_0381-300x225.jpg\" alt=\"IMG_0381\" width=\"300\" height=\"225\" srcset=\"https:\/\/www.toepferkurse-becker.de\/WordPress\/wp-content\/uploads\/2016\/09\/IMG_0381-300x225.jpg 300w, https:\/\/www.toepferkurse-becker.de\/WordPress\/wp-content\/uploads\/2016\/09\/IMG_0381-600x450.jpg 600w, https:\/\/www.toepferkurse-becker.de\/WordPress\/wp-content\/uploads\/2016\/09\/IMG_0381-768x576.jpg 768w, https:\/\/www.toepferkurse-becker.de\/WordPress\/wp-content\/uploads\/2016\/09\/IMG_0381-1024x768.jpg 1024w\" sizes=\"auto, (max-width: 300px) 100vw, 300px\" \/> <img loading=\"lazy\" decoding=\"async\" class=\"alignnone wp-image-2882 size-medium\" src=\"https:\/\/www.toepferkurse-becker.de\/WordPress\/wp-content\/uploads\/2014\/10\/IMG_5763-e1434564006899-scaled-e1601487704100-225x300.jpg\" alt=\"\" width=\"225\" height=\"300\" \/> <img loading=\"lazy\" decoding=\"async\" class=\"alignnone wp-image-4863 size-medium\" src=\"https:\/\/www.toepferkurse-becker.de\/WordPress\/wp-content\/uploads\/2020\/02\/DSC01862-300x225.jpg\" alt=\"\" width=\"300\" height=\"225\" srcset=\"https:\/\/www.toepferkurse-becker.de\/WordPress\/wp-content\/uploads\/2020\/02\/DSC01862-300x225.jpg 300w, https:\/\/www.toepferkurse-becker.de\/WordPress\/wp-content\/uploads\/2020\/02\/DSC01862-600x450.jpg 600w, https:\/\/www.toepferkurse-becker.de\/WordPress\/wp-content\/uploads\/2020\/02\/DSC01862-768x576.jpg 768w, https:\/\/www.toepferkurse-becker.de\/WordPress\/wp-content\/uploads\/2020\/02\/DSC01862-1024x768.jpg 1024w\" sizes=\"auto, (max-width: 300px) 100vw, 300px\" \/> <img loading=\"lazy\" decoding=\"async\" class=\"alignnone wp-image-4688 size-medium\" src=\"https:\/\/www.toepferkurse-becker.de\/WordPress\/wp-content\/uploads\/2019\/09\/IMG_0116-300x225.jpg\" alt=\"\" width=\"300\" height=\"225\" srcset=\"https:\/\/www.toepferkurse-becker.de\/WordPress\/wp-content\/uploads\/2019\/09\/IMG_0116-300x225.jpg 300w, https:\/\/www.toepferkurse-becker.de\/WordPress\/wp-content\/uploads\/2019\/09\/IMG_0116-600x450.jpg 600w, https:\/\/www.toepferkurse-becker.de\/WordPress\/wp-content\/uploads\/2019\/09\/IMG_0116-768x576.jpg 768w, https:\/\/www.toepferkurse-becker.de\/WordPress\/wp-content\/uploads\/2019\/09\/IMG_0116-1024x768.jpg 1024w\" sizes=\"auto, (max-width: 300px) 100vw, 300px\" \/><\/p>\n<p>&nbsp;<\/p>\n<p>&nbsp;<\/p>\n<div id=\"attachment_3766\" style=\"width: 463px\" class=\"wp-caption alignnone\"><img loading=\"lazy\" decoding=\"async\" aria-describedby=\"caption-attachment-3766\" class=\"wp-image-3766 \" src=\"https:\/\/www.toepferkurse-becker.de\/WordPress\/wp-content\/uploads\/2016\/09\/20160826_2001571-300x169.jpg\" alt=\"Aussicht von der Werkstatt\" width=\"453\" height=\"255\" srcset=\"https:\/\/www.toepferkurse-becker.de\/WordPress\/wp-content\/uploads\/2016\/09\/20160826_2001571-300x169.jpg 300w, https:\/\/www.toepferkurse-becker.de\/WordPress\/wp-content\/uploads\/2016\/09\/20160826_2001571-600x338.jpg 600w, https:\/\/www.toepferkurse-becker.de\/WordPress\/wp-content\/uploads\/2016\/09\/20160826_2001571-768x432.jpg 768w, https:\/\/www.toepferkurse-becker.de\/WordPress\/wp-content\/uploads\/2016\/09\/20160826_2001571-1024x576.jpg 1024w\" sizes=\"auto, (max-width: 453px) 100vw, 453px\" \/><p id=\"caption-attachment-3766\" class=\"wp-caption-text\">Ausblick aus der Werkstat<\/p><\/div>\n<div id=\"attachment_3793\" style=\"width: 310px\" class=\"wp-caption alignnone\"><img loading=\"lazy\" decoding=\"async\" aria-describedby=\"caption-attachment-3793\" class=\"wp-image-3793 size-medium\" src=\"https:\/\/www.toepferkurse-becker.de\/WordPress\/wp-content\/uploads\/2016\/09\/IMG_0144-300x225.jpg\" alt=\"H\u00f6hr\" width=\"300\" height=\"225\" srcset=\"https:\/\/www.toepferkurse-becker.de\/WordPress\/wp-content\/uploads\/2016\/09\/IMG_0144-300x225.jpg 300w, https:\/\/www.toepferkurse-becker.de\/WordPress\/wp-content\/uploads\/2016\/09\/IMG_0144-600x450.jpg 600w, https:\/\/www.toepferkurse-becker.de\/WordPress\/wp-content\/uploads\/2016\/09\/IMG_0144-768x576.jpg 768w, https:\/\/www.toepferkurse-becker.de\/WordPress\/wp-content\/uploads\/2016\/09\/IMG_0144-1024x768.jpg 1024w\" sizes=\"auto, (max-width: 300px) 100vw, 300px\" \/><p id=\"caption-attachment-3793\" class=\"wp-caption-text\">H\u00f6hr-Grenzhausen<\/p><\/div>\n<p><img loading=\"lazy\" decoding=\"async\" class=\"alignnone size-medium wp-image-3790\" src=\"https:\/\/www.toepferkurse-becker.de\/WordPress\/wp-content\/uploads\/2016\/09\/IMG_0135-300x225.jpg\" alt=\"T\u00f6pferei\" width=\"300\" height=\"225\" srcset=\"https:\/\/www.toepferkurse-becker.de\/WordPress\/wp-content\/uploads\/2016\/09\/IMG_0135-300x225.jpg 300w, https:\/\/www.toepferkurse-becker.de\/WordPress\/wp-content\/uploads\/2016\/09\/IMG_0135-600x450.jpg 600w, https:\/\/www.toepferkurse-becker.de\/WordPress\/wp-content\/uploads\/2016\/09\/IMG_0135-768x576.jpg 768w, https:\/\/www.toepferkurse-becker.de\/WordPress\/wp-content\/uploads\/2016\/09\/IMG_0135-1024x768.jpg 1024w\" sizes=\"auto, (max-width: 300px) 100vw, 300px\" \/><img loading=\"lazy\" decoding=\"async\" class=\"alignnone size-medium wp-image-3791\" src=\"https:\/\/www.toepferkurse-becker.de\/WordPress\/wp-content\/uploads\/2016\/09\/IMG_0137-300x225.jpg\" alt=\"T\u00f6pferei\" width=\"300\" height=\"225\" srcset=\"https:\/\/www.toepferkurse-becker.de\/WordPress\/wp-content\/uploads\/2016\/09\/IMG_0137-300x225.jpg 300w, https:\/\/www.toepferkurse-becker.de\/WordPress\/wp-content\/uploads\/2016\/09\/IMG_0137-600x450.jpg 600w, https:\/\/www.toepferkurse-becker.de\/WordPress\/wp-content\/uploads\/2016\/09\/IMG_0137-768x576.jpg 768w, https:\/\/www.toepferkurse-becker.de\/WordPress\/wp-content\/uploads\/2016\/09\/IMG_0137-1024x768.jpg 1024w\" sizes=\"auto, (max-width: 300px) 100vw, 300px\" \/><img loading=\"lazy\" decoding=\"async\" class=\"alignnone size-medium wp-image-3792\" src=\"https:\/\/www.toepferkurse-becker.de\/WordPress\/wp-content\/uploads\/2016\/09\/IMG_0141-300x225.jpg\" alt=\"T\u00f6pfer\" width=\"300\" height=\"225\" srcset=\"https:\/\/www.toepferkurse-becker.de\/WordPress\/wp-content\/uploads\/2016\/09\/IMG_0141-300x225.jpg 300w, https:\/\/www.toepferkurse-becker.de\/WordPress\/wp-content\/uploads\/2016\/09\/IMG_0141-600x450.jpg 600w, https:\/\/www.toepferkurse-becker.de\/WordPress\/wp-content\/uploads\/2016\/09\/IMG_0141-768x576.jpg 768w, https:\/\/www.toepferkurse-becker.de\/WordPress\/wp-content\/uploads\/2016\/09\/IMG_0141-1024x768.jpg 1024w\" sizes=\"auto, (max-width: 300px) 100vw, 300px\" \/><img loading=\"lazy\" decoding=\"async\" class=\"alignnone size-medium wp-image-3794\" src=\"https:\/\/www.toepferkurse-becker.de\/WordPress\/wp-content\/uploads\/2016\/09\/IMG_0147-300x225.jpg\" alt=\"Museum\" width=\"300\" height=\"225\" srcset=\"https:\/\/www.toepferkurse-becker.de\/WordPress\/wp-content\/uploads\/2016\/09\/IMG_0147-300x225.jpg 300w, https:\/\/www.toepferkurse-becker.de\/WordPress\/wp-content\/uploads\/2016\/09\/IMG_0147-600x450.jpg 600w, https:\/\/www.toepferkurse-becker.de\/WordPress\/wp-content\/uploads\/2016\/09\/IMG_0147-768x576.jpg 768w, https:\/\/www.toepferkurse-becker.de\/WordPress\/wp-content\/uploads\/2016\/09\/IMG_0147-1024x768.jpg 1024w\" sizes=\"auto, (max-width: 300px) 100vw, 300px\" \/><img loading=\"lazy\" decoding=\"async\" class=\"alignnone size-medium wp-image-3795\" src=\"https:\/\/www.toepferkurse-becker.de\/WordPress\/wp-content\/uploads\/2016\/09\/IMG_0148-300x225.jpg\" alt=\"Museum\" width=\"300\" height=\"225\" srcset=\"https:\/\/www.toepferkurse-becker.de\/WordPress\/wp-content\/uploads\/2016\/09\/IMG_0148-300x225.jpg 300w, https:\/\/www.toepferkurse-becker.de\/WordPress\/wp-content\/uploads\/2016\/09\/IMG_0148-600x450.jpg 600w, https:\/\/www.toepferkurse-becker.de\/WordPress\/wp-content\/uploads\/2016\/09\/IMG_0148-768x576.jpg 768w, https:\/\/www.toepferkurse-becker.de\/WordPress\/wp-content\/uploads\/2016\/09\/IMG_0148-1024x768.jpg 1024w\" sizes=\"auto, (max-width: 300px) 100vw, 300px\" \/><img loading=\"lazy\" decoding=\"async\" class=\"alignnone size-medium wp-image-3796\" src=\"https:\/\/www.toepferkurse-becker.de\/WordPress\/wp-content\/uploads\/2016\/09\/IMG_0153-300x225.jpg\" alt=\"Krug\" width=\"300\" height=\"225\" srcset=\"https:\/\/www.toepferkurse-becker.de\/WordPress\/wp-content\/uploads\/2016\/09\/IMG_0153-300x225.jpg 300w, https:\/\/www.toepferkurse-becker.de\/WordPress\/wp-content\/uploads\/2016\/09\/IMG_0153-600x450.jpg 600w, https:\/\/www.toepferkurse-becker.de\/WordPress\/wp-content\/uploads\/2016\/09\/IMG_0153-768x576.jpg 768w, https:\/\/www.toepferkurse-becker.de\/WordPress\/wp-content\/uploads\/2016\/09\/IMG_0153-1024x768.jpg 1024w\" sizes=\"auto, (max-width: 300px) 100vw, 300px\" \/><img loading=\"lazy\" decoding=\"async\" class=\"alignnone size-medium wp-image-3797\" src=\"https:\/\/www.toepferkurse-becker.de\/WordPress\/wp-content\/uploads\/2016\/09\/IMG_0157-300x225.jpg\" alt=\"Grenzau\" width=\"300\" height=\"225\" srcset=\"https:\/\/www.toepferkurse-becker.de\/WordPress\/wp-content\/uploads\/2016\/09\/IMG_0157-300x225.jpg 300w, https:\/\/www.toepferkurse-becker.de\/WordPress\/wp-content\/uploads\/2016\/09\/IMG_0157-600x450.jpg 600w, https:\/\/www.toepferkurse-becker.de\/WordPress\/wp-content\/uploads\/2016\/09\/IMG_0157-768x576.jpg 768w, https:\/\/www.toepferkurse-becker.de\/WordPress\/wp-content\/uploads\/2016\/09\/IMG_0157-1024x768.jpg 1024w\" sizes=\"auto, (max-width: 300px) 100vw, 300px\" \/><img loading=\"lazy\" decoding=\"async\" class=\"alignnone size-medium wp-image-3798\" src=\"https:\/\/www.toepferkurse-becker.de\/WordPress\/wp-content\/uploads\/2016\/09\/IMG_0155-300x225.jpg\" alt=\"Keramik in Grenzau\" width=\"300\" height=\"225\" srcset=\"https:\/\/www.toepferkurse-becker.de\/WordPress\/wp-content\/uploads\/2016\/09\/IMG_0155-300x225.jpg 300w, https:\/\/www.toepferkurse-becker.de\/WordPress\/wp-content\/uploads\/2016\/09\/IMG_0155-600x450.jpg 600w, https:\/\/www.toepferkurse-becker.de\/WordPress\/wp-content\/uploads\/2016\/09\/IMG_0155-768x576.jpg 768w, https:\/\/www.toepferkurse-becker.de\/WordPress\/wp-content\/uploads\/2016\/09\/IMG_0155-1024x768.jpg 1024w\" sizes=\"auto, (max-width: 300px) 100vw, 300px\" \/><\/p>\n<div id=\"attachment_3826\" style=\"width: 310px\" class=\"wp-caption alignnone\"><img loading=\"lazy\" decoding=\"async\" aria-describedby=\"caption-attachment-3826\" class=\"size-medium wp-image-3826\" src=\"https:\/\/www.toepferkurse-becker.de\/WordPress\/wp-content\/uploads\/2016\/09\/IMG_0185-300x225.jpg\" alt=\"Tongrube direkt hier in Staudt\" width=\"300\" height=\"225\" srcset=\"https:\/\/www.toepferkurse-becker.de\/WordPress\/wp-content\/uploads\/2016\/09\/IMG_0185-300x225.jpg 300w, https:\/\/www.toepferkurse-becker.de\/WordPress\/wp-content\/uploads\/2016\/09\/IMG_0185-600x450.jpg 600w, https:\/\/www.toepferkurse-becker.de\/WordPress\/wp-content\/uploads\/2016\/09\/IMG_0185-768x576.jpg 768w, https:\/\/www.toepferkurse-becker.de\/WordPress\/wp-content\/uploads\/2016\/09\/IMG_0185-1024x768.jpg 1024w\" sizes=\"auto, (max-width: 300px) 100vw, 300px\" \/><p id=\"caption-attachment-3826\" class=\"wp-caption-text\">Tongrube direkt hier in Staudt<\/p><\/div>\n<p>&nbsp;<\/p>\n<p>&nbsp;<\/p>\n<p>&nbsp;<\/p>\n<div id=\"attachment_3827\" style=\"width: 310px\" class=\"wp-caption alignnone\"><img loading=\"lazy\" decoding=\"async\" aria-describedby=\"caption-attachment-3827\" class=\"size-medium wp-image-3827\" src=\"https:\/\/www.toepferkurse-becker.de\/WordPress\/wp-content\/uploads\/2016\/09\/IMG_0183-300x225.jpg\" alt=\"Hier wird der Westerw\u00e4lder Ton abgebaut\" width=\"300\" height=\"225\" srcset=\"https:\/\/www.toepferkurse-becker.de\/WordPress\/wp-content\/uploads\/2016\/09\/IMG_0183-300x225.jpg 300w, https:\/\/www.toepferkurse-becker.de\/WordPress\/wp-content\/uploads\/2016\/09\/IMG_0183-600x450.jpg 600w, https:\/\/www.toepferkurse-becker.de\/WordPress\/wp-content\/uploads\/2016\/09\/IMG_0183-768x576.jpg 768w, https:\/\/www.toepferkurse-becker.de\/WordPress\/wp-content\/uploads\/2016\/09\/IMG_0183-1024x768.jpg 1024w\" sizes=\"auto, (max-width: 300px) 100vw, 300px\" \/><p id=\"caption-attachment-3827\" class=\"wp-caption-text\">Hier wird der Westerw\u00e4lder Ton abgebaut<\/p><\/div>\n<div id=\"attachment_3801\" style=\"width: 235px\" class=\"wp-caption alignnone\"><img loading=\"lazy\" decoding=\"async\" aria-describedby=\"caption-attachment-3801\" class=\"wp-image-3801 size-medium\" src=\"https:\/\/www.toepferkurse-becker.de\/WordPress\/wp-content\/uploads\/2016\/09\/IMG_0154-e1475251975657-scaled-e1601487249428-225x300.jpg\" alt=\"Grenzau\" width=\"225\" height=\"300\" srcset=\"https:\/\/www.toepferkurse-becker.de\/WordPress\/wp-content\/uploads\/2016\/09\/IMG_0154-e1475251975657-scaled-e1601487249428-225x300.jpg 225w, https:\/\/www.toepferkurse-becker.de\/WordPress\/wp-content\/uploads\/2016\/09\/IMG_0154-e1475251975657-scaled-e1601487249428-768x1024.jpg 768w, https:\/\/www.toepferkurse-becker.de\/WordPress\/wp-content\/uploads\/2016\/09\/IMG_0154-e1475251975657-scaled-e1601487249428-1152x1536.jpg 1152w, https:\/\/www.toepferkurse-becker.de\/WordPress\/wp-content\/uploads\/2016\/09\/IMG_0154-e1475251975657-scaled-e1601487249428-1536x2048.jpg 1536w, https:\/\/www.toepferkurse-becker.de\/WordPress\/wp-content\/uploads\/2016\/09\/IMG_0154-e1475251975657-scaled-e1601487249428.jpg 1920w\" sizes=\"auto, (max-width: 225px) 100vw, 225px\" \/><p id=\"caption-attachment-3801\" class=\"wp-caption-text\">Grenzau mit der Burg im Hintergrund<\/p><\/div>\n<p><img loading=\"lazy\" decoding=\"async\" class=\"alignnone size-medium wp-image-3800\" src=\"https:\/\/www.toepferkurse-becker.de\/WordPress\/wp-content\/uploads\/2016\/09\/IMG_0158-300x225.jpg\" alt=\"Scheune bei Grenzau\" width=\"300\" height=\"225\" srcset=\"https:\/\/www.toepferkurse-becker.de\/WordPress\/wp-content\/uploads\/2016\/09\/IMG_0158-300x225.jpg 300w, https:\/\/www.toepferkurse-becker.de\/WordPress\/wp-content\/uploads\/2016\/09\/IMG_0158-600x450.jpg 600w, https:\/\/www.toepferkurse-becker.de\/WordPress\/wp-content\/uploads\/2016\/09\/IMG_0158-768x576.jpg 768w, https:\/\/www.toepferkurse-becker.de\/WordPress\/wp-content\/uploads\/2016\/09\/IMG_0158-1024x768.jpg 1024w\" sizes=\"auto, (max-width: 300px) 100vw, 300px\" \/><\/p>\n<p>&nbsp;<\/p>\n<div id=\"attachment_3770\" style=\"width: 310px\" class=\"wp-caption alignnone\"><img loading=\"lazy\" decoding=\"async\" aria-describedby=\"caption-attachment-3770\" class=\"wp-image-3770 size-medium\" src=\"https:\/\/www.toepferkurse-becker.de\/WordPress\/wp-content\/uploads\/2016\/09\/IMG_0103-300x225.jpg\" alt=\"Rakukurs 2016\" width=\"300\" height=\"225\" srcset=\"https:\/\/www.toepferkurse-becker.de\/WordPress\/wp-content\/uploads\/2016\/09\/IMG_0103-300x225.jpg 300w, https:\/\/www.toepferkurse-becker.de\/WordPress\/wp-content\/uploads\/2016\/09\/IMG_0103-600x450.jpg 600w, https:\/\/www.toepferkurse-becker.de\/WordPress\/wp-content\/uploads\/2016\/09\/IMG_0103-768x576.jpg 768w, https:\/\/www.toepferkurse-becker.de\/WordPress\/wp-content\/uploads\/2016\/09\/IMG_0103-1024x768.jpg 1024w\" sizes=\"auto, (max-width: 300px) 100vw, 300px\" \/><p id=\"caption-attachment-3770\" class=\"wp-caption-text\">Rakukurs im September<\/p><\/div>\n<p><img loading=\"lazy\" decoding=\"async\" class=\"alignnone size-medium wp-image-3771\" src=\"https:\/\/www.toepferkurse-becker.de\/WordPress\/wp-content\/uploads\/2016\/09\/IMG_0109-300x225.jpg\" alt=\"Rakukurs 2016\" width=\"300\" height=\"225\" srcset=\"https:\/\/www.toepferkurse-becker.de\/WordPress\/wp-content\/uploads\/2016\/09\/IMG_0109-300x225.jpg 300w, https:\/\/www.toepferkurse-becker.de\/WordPress\/wp-content\/uploads\/2016\/09\/IMG_0109-600x450.jpg 600w, https:\/\/www.toepferkurse-becker.de\/WordPress\/wp-content\/uploads\/2016\/09\/IMG_0109-768x576.jpg 768w, https:\/\/www.toepferkurse-becker.de\/WordPress\/wp-content\/uploads\/2016\/09\/IMG_0109-1024x768.jpg 1024w\" sizes=\"auto, (max-width: 300px) 100vw, 300px\" \/><img loading=\"lazy\" decoding=\"async\" class=\"alignnone size-medium wp-image-3773\" src=\"https:\/\/www.toepferkurse-becker.de\/WordPress\/wp-content\/uploads\/2016\/09\/IMG_0119-300x225.jpg\" alt=\"Raku mit Glas\" width=\"300\" height=\"225\" srcset=\"https:\/\/www.toepferkurse-becker.de\/WordPress\/wp-content\/uploads\/2016\/09\/IMG_0119-300x225.jpg 300w, https:\/\/www.toepferkurse-becker.de\/WordPress\/wp-content\/uploads\/2016\/09\/IMG_0119-600x450.jpg 600w, https:\/\/www.toepferkurse-becker.de\/WordPress\/wp-content\/uploads\/2016\/09\/IMG_0119-768x576.jpg 768w, https:\/\/www.toepferkurse-becker.de\/WordPress\/wp-content\/uploads\/2016\/09\/IMG_0119-1024x768.jpg 1024w\" sizes=\"auto, (max-width: 300px) 100vw, 300px\" \/><\/p>\n<p>Bilder vom Keramikmarkt in Ransbach-Baumbach<\/p>\n<p><img loading=\"lazy\" decoding=\"async\" class=\"alignnone size-medium wp-image-3811\" src=\"https:\/\/www.toepferkurse-becker.de\/WordPress\/wp-content\/uploads\/2016\/09\/IMG_0170-300x225.jpg\" alt=\"Keramikmarkt\" width=\"300\" height=\"225\" srcset=\"https:\/\/www.toepferkurse-becker.de\/WordPress\/wp-content\/uploads\/2016\/09\/IMG_0170-300x225.jpg 300w, https:\/\/www.toepferkurse-becker.de\/WordPress\/wp-content\/uploads\/2016\/09\/IMG_0170-600x450.jpg 600w, https:\/\/www.toepferkurse-becker.de\/WordPress\/wp-content\/uploads\/2016\/09\/IMG_0170-768x576.jpg 768w, https:\/\/www.toepferkurse-becker.de\/WordPress\/wp-content\/uploads\/2016\/09\/IMG_0170-1024x768.jpg 1024w\" sizes=\"auto, (max-width: 300px) 100vw, 300px\" \/><img loading=\"lazy\" decoding=\"async\" class=\"alignnone size-medium wp-image-3813\" src=\"https:\/\/www.toepferkurse-becker.de\/WordPress\/wp-content\/uploads\/2016\/09\/IMG_0172-300x225.jpg\" alt=\"Markt\" width=\"300\" height=\"225\" srcset=\"https:\/\/www.toepferkurse-becker.de\/WordPress\/wp-content\/uploads\/2016\/09\/IMG_0172-300x225.jpg 300w, https:\/\/www.toepferkurse-becker.de\/WordPress\/wp-content\/uploads\/2016\/09\/IMG_0172-600x450.jpg 600w, https:\/\/www.toepferkurse-becker.de\/WordPress\/wp-content\/uploads\/2016\/09\/IMG_0172-768x576.jpg 768w, https:\/\/www.toepferkurse-becker.de\/WordPress\/wp-content\/uploads\/2016\/09\/IMG_0172-1024x768.jpg 1024w\" sizes=\"auto, (max-width: 300px) 100vw, 300px\" \/><img loading=\"lazy\" decoding=\"async\" class=\"alignnone size-medium wp-image-3814\" src=\"https:\/\/www.toepferkurse-becker.de\/WordPress\/wp-content\/uploads\/2016\/09\/IMG_0178-300x225.jpg\" alt=\"Markt\" width=\"300\" height=\"225\" srcset=\"https:\/\/www.toepferkurse-becker.de\/WordPress\/wp-content\/uploads\/2016\/09\/IMG_0178-300x225.jpg 300w, https:\/\/www.toepferkurse-becker.de\/WordPress\/wp-content\/uploads\/2016\/09\/IMG_0178-600x450.jpg 600w, https:\/\/www.toepferkurse-becker.de\/WordPress\/wp-content\/uploads\/2016\/09\/IMG_0178-768x576.jpg 768w, https:\/\/www.toepferkurse-becker.de\/WordPress\/wp-content\/uploads\/2016\/09\/IMG_0178-1024x768.jpg 1024w\" sizes=\"auto, (max-width: 300px) 100vw, 300px\" \/><img loading=\"lazy\" decoding=\"async\" class=\"alignnone size-medium wp-image-3815\" src=\"https:\/\/www.toepferkurse-becker.de\/WordPress\/wp-content\/uploads\/2016\/09\/IMG_0175-300x225.jpg\" alt=\"Keramikmarkt\" width=\"300\" height=\"225\" srcset=\"https:\/\/www.toepferkurse-becker.de\/WordPress\/wp-content\/uploads\/2016\/09\/IMG_0175-300x225.jpg 300w, https:\/\/www.toepferkurse-becker.de\/WordPress\/wp-content\/uploads\/2016\/09\/IMG_0175-600x450.jpg 600w, https:\/\/www.toepferkurse-becker.de\/WordPress\/wp-content\/uploads\/2016\/09\/IMG_0175-768x576.jpg 768w, https:\/\/www.toepferkurse-becker.de\/WordPress\/wp-content\/uploads\/2016\/09\/IMG_0175-1024x768.jpg 1024w\" sizes=\"auto, (max-width: 300px) 100vw, 300px\" \/><img loading=\"lazy\" decoding=\"async\" class=\"alignnone size-medium wp-image-3816\" src=\"https:\/\/www.toepferkurse-becker.de\/WordPress\/wp-content\/uploads\/2016\/09\/IMG_0165-300x225.jpg\" alt=\"Markt\" width=\"300\" height=\"225\" srcset=\"https:\/\/www.toepferkurse-becker.de\/WordPress\/wp-content\/uploads\/2016\/09\/IMG_0165-300x225.jpg 300w, https:\/\/www.toepferkurse-becker.de\/WordPress\/wp-content\/uploads\/2016\/09\/IMG_0165-600x450.jpg 600w, https:\/\/www.toepferkurse-becker.de\/WordPress\/wp-content\/uploads\/2016\/09\/IMG_0165-768x576.jpg 768w, https:\/\/www.toepferkurse-becker.de\/WordPress\/wp-content\/uploads\/2016\/09\/IMG_0165-1024x768.jpg 1024w\" sizes=\"auto, (max-width: 300px) 100vw, 300px\" \/><img loading=\"lazy\" decoding=\"async\" class=\"alignnone size-medium wp-image-3817\" src=\"https:\/\/www.toepferkurse-becker.de\/WordPress\/wp-content\/uploads\/2016\/09\/IMG_0167-1-300x225.jpg\" alt=\"Markt\" width=\"300\" height=\"225\" srcset=\"https:\/\/www.toepferkurse-becker.de\/WordPress\/wp-content\/uploads\/2016\/09\/IMG_0167-1-300x225.jpg 300w, https:\/\/www.toepferkurse-becker.de\/WordPress\/wp-content\/uploads\/2016\/09\/IMG_0167-1-600x450.jpg 600w, https:\/\/www.toepferkurse-becker.de\/WordPress\/wp-content\/uploads\/2016\/09\/IMG_0167-1-768x576.jpg 768w, https:\/\/www.toepferkurse-becker.de\/WordPress\/wp-content\/uploads\/2016\/09\/IMG_0167-1-1024x768.jpg 1024w\" sizes=\"auto, (max-width: 300px) 100vw, 300px\" \/><\/p>\n<p><strong>R\u00fccktrittsbedingungen:<\/strong><\/p>\n<p>Wenn ihr an einem Kurs nicht teilnehmen k\u00f6nnt, meldet euch bitte so schnell wie m\u00f6glich bei uns ab. Sollte der Platz noch belegt werden k\u00f6nnen, wird die Anzahlung bis auf eine Bearbeitungsgeb\u00fchr von 10 % der Kursgeb\u00fchr zur\u00fcckbezahlt. Kann der Platz nicht mehr belegt werden, so wird bei Abmeldung von mindestens 8 Wochen vor Kursbeginn 25 % der Kursgeb\u00fchr und danach 50 % der Kursgeb\u00fchr einbehalten. Erfolgt die Abmeldung erst 30 Tage vor dem Kurs, so ist die gesamte Kursgeb\u00fchr zu entrichten. Kann der Kurs von unserer Seite nicht stattfinden, so bekommt ihr selbstverst\u00e4ndlich die kompl. Kursgeb\u00fchr erstattet. F\u00fcr evtl. Kosten die durch Zimmerbuchung oder \u00e4hnliches entstehen, k\u00f6nnen wir nat\u00fcrlich nicht aufkommen. Gl\u00fccklicherweise ist es bisher noch nicht dazu gekommen. Um auf der sicheren Seite zu stehen, empfehle ich eine Reiser\u00fccktrittsversicherung!<\/p>\n<p>&nbsp;<\/p>\n<p>&nbsp;<\/p>\n","protected":false},"excerpt":{"rendered":"<p>Selbstverst\u00e4ndlich kommt ihr wegen der Kurse nach Staudt, dennoch lohnt sich der Weg gleich doppelt. Einkaufsm\u00f6glichkeiten rund ums T\u00f6pfern bei naheliegenden H\u00e4ndlern wie Carl J\u00e4ger oder bei der Firma Wolbring sind m\u00f6glich. Au\u00dferdem gibt es einige andere T\u00f6pfereien sowie eine reizvolle Landschaft mit einem Tonwanderweg und vielen Sehensw\u00fcrdigkeiten in n\u00e4chster N\u00e4he. Das Keramikmuseum mit wechselnden [&hellip;]<\/p>\n","protected":false},"author":2,"featured_media":0,"parent":0,"menu_order":16,"comment_status":"closed","ping_status":"closed","template":"","meta":{"footnotes":""},"class_list":["post-3762","page","type-page","status-publish","hentry"],"_links":{"self":[{"href":"https:\/\/www.toepferkurse-becker.de\/WordPress\/index.php?rest_route=\/wp\/v2\/pages\/3762","targetHints":{"allow":["GET"]}}],"collection":[{"href":"https:\/\/www.toepferkurse-becker.de\/WordPress\/index.php?rest_route=\/wp\/v2\/pages"}],"about":[{"href":"https:\/\/www.toepferkurse-becker.de\/WordPress\/index.php?rest_route=\/wp\/v2\/types\/page"}],"author":[{"embeddable":true,"href":"https:\/\/www.toepferkurse-becker.de\/WordPress\/index.php?rest_route=\/wp\/v2\/users\/2"}],"replies":[{"embeddable":true,"href":"https:\/\/www.toepferkurse-becker.de\/WordPress\/index.php?rest_route=%2Fwp%2Fv2%2Fcomments&post=3762"}],"version-history":[{"count":38,"href":"https:\/\/www.toepferkurse-becker.de\/WordPress\/index.php?rest_route=\/wp\/v2\/pages\/3762\/revisions"}],"predecessor-version":[{"id":8222,"href":"https:\/\/www.toepferkurse-becker.de\/WordPress\/index.php?rest_route=\/wp\/v2\/pages\/3762\/revisions\/8222"}],"wp:attachment":[{"href":"https:\/\/www.toepferkurse-becker.de\/WordPress\/index.php?rest_route=%2Fwp%2Fv2%2Fmedia&parent=3762"}],"curies":[{"name":"wp","href":"https:\/\/api.w.org\/{rel}","templated":true}]}}