{"id":2308,"date":"2014-10-04T14:16:49","date_gmt":"2014-10-04T13:16:49","guid":{"rendered":"http:\/\/www.toepferkurse-becker.de\/WordPress\/?page_id=2308"},"modified":"2026-04-21T07:33:17","modified_gmt":"2026-04-21T06:33:17","slug":"anmeldungtermine-2015","status":"publish","type":"page","link":"https:\/\/www.toepferkurse-becker.de\/WordPress\/?page_id=2308","title":{"rendered":"Anmeldeformular\/\u00dcbersicht freie Pl\u00e4tze und Termine \/ Kontakt"},"content":{"rendered":"<blockquote>\n<h1>Die Termine f\u00fcr 2027 sind ver\u00f6ffentlicht!!<\/h1>\n<h4>Alle Preise wie immer inkl. Material wie in der Kursbeschreibung angegeben! Alle Kurse von 10 bis 16 Uhr an allen Tagen. Alle Kurse finden in 56424 Staudt in der Wiesenstr. 17 in meinen Werkr\u00e4umen statt (Telefon:0151\/28825368).<\/h4>\n<\/blockquote>\n<h2><a href=\"https:\/\/www.instagram.com\/lernorttoepferscheibe\/\">https:\/\/www.instagram.com\/lernorttoepferscheibe\/<\/a><\/h2>\n<h2>Januar 2027<\/h2>\n<ul>\n<li>\n<h4><em>30. Januar bis 31. Januar (2 Tage): Drehen an der T\u00f6pferscheibe: 200,00 Euro! Alles belegt!<\/em><\/h4>\n<\/li>\n<\/ul>\n<h2>Februar 2027<\/h2>\n<ul>\n<li>\n<h4><strong><em>20. Februar bis 21. Februar (2 Tage): Drehen an der T\u00f6pferscheibe: 200,00 Euro! Alles belegt!<\/em><\/strong><\/h4>\n<\/li>\n<\/ul>\n<h2>M\u00e4rz 2027<\/h2>\n<ul>\n<li>\n<h4><strong>11. M\u00e4rz bis 14. M\u00e4rz (4 Tage): Drehen an der T\u00f6pferscheibe: 385,00 Euro! Alle belegt! Der letzte Platz ging soeben an Katrin (21.4.26)!<\/strong><\/h4>\n<\/li>\n<\/ul>\n<h2>April 2027<\/h2>\n<ul>\n<li>\n<h4><em>10. April bis 11. April (2 Tage): Drehen an der T\u00f6pferscheibe: 200,00 Euro! Alles belegt!\u00a0<\/em><\/h4>\n<\/li>\n<li>\n<h4><em>24. April bis 25. April (2 Tage): Drehen an der T\u00f6pferscheibe: 200,00 Euro! Alles belegt!<\/em><\/h4>\n<\/li>\n<\/ul>\n<h2>Mai 2027<\/h2>\n<ul>\n<li>\n<h4><strong>20. Mai bis 23. Mai (4 Tage): Drehen an der T\u00f6pferscheibe: 385,00 Euro! Alles belegt! Der letzte Platz ging soeben an Verena!<\/strong><\/h4>\n<\/li>\n<li>\n<h4><em>29. Mai bis 30. Mai (2 Tage): Drehen an der T\u00f6pferscheibe: 200,00 Euro! 6 freie Pl\u00e4tze!<\/em><\/h4>\n<\/li>\n<li>\n<h2>Juni 2027<\/h2>\n<\/li>\n<li>\n<h4><em>5. Juni bis 6. Juni (2 Tage): Drehen an der T\u00f6pferscheibe: 200,00 Euro! 8 freie Pl\u00e4tze!<\/em><\/h4>\n<\/li>\n<li>\n<h4><strong>17. Juni bis 20. Juni (4 Tage): Drehen an der T\u00f6pferscheibe: 385,00 Euro! 1 freier Platz!<\/strong><\/h4>\n<\/li>\n<\/ul>\n<h2>September 2027<\/h2>\n<ul>\n<li>\n<h4><strong>2. September bis 5. September (4 Tage): Drehen an der T\u00f6pferscheibe: 385,00 Euro! Alles belegt!<\/strong><\/h4>\n<\/li>\n<li>\n<h4><em>18. September bis 19. September(2 Tage): Drehen an der T\u00f6pferscheibe: 200,00 Euro! 8 freie Pl\u00e4tze!<\/em><\/h4>\n<\/li>\n<li>\n<h4><strong><em>25. September bis 26. September (2 Tage): Drehen an der T\u00f6pferscheibe: 200,00 Euro! 8 freie Pl\u00e4tze!<\/em><\/strong><\/h4>\n<\/li>\n<\/ul>\n<h2>Oktober 2027<\/h2>\n<ul>\n<li>\n<h4><em>21. Oktober bis 24. Oktober (4 Tage): Drehen an der T\u00f6pferscheibe: 385,00 Euro! Alles belegt!<\/em><\/h4>\n<\/li>\n<\/ul>\n<h2>November 2027<\/h2>\n<ul>\n<li>\n<h4><em>13. November bis 14. November (2 Tage): Drehen an der T\u00f6pferscheibe: 200,00 Euro! 5 freie Pl\u00e4tze!<\/em><\/h4>\n<\/li>\n<li>\n<h4><em>20. November bis 21. November (2 Tage): Drehen an der T\u00f6pferscheibe: 200,00 Euro! 7 freie Pl\u00e4tze!<\/em><\/h4>\n<\/li>\n<\/ul>\n<p>&nbsp;<\/p>\n<h2>Januar\u00a02026<\/h2>\n<ul>\n<li>\n<h4><em>24. Januar bis 25. Januar (2 Tage): Drehen an der T\u00f6pferscheibe: 200,00 Euro! Alles belegt!<\/em><\/h4>\n<\/li>\n<\/ul>\n<h2>Februar 2026<\/h2>\n<ul>\n<li><strong><em>07. Februar bis 08. Februar (2 Tage): Drehen an der T\u00f6pferscheibe: 200,00 Euro! Alles belegt!\u00a0<\/em><\/strong><\/li>\n<\/ul>\n<h2><strong>M\u00e4rz 2026<\/strong><\/h2>\n<ul>\n<li><strong>12. M\u00e4rz bis 15. M\u00e4rz (4 Tage): Drehen an der T\u00f6pferscheibe: 385,00 Euro! Alles belegt!<\/strong><\/li>\n<li><strong><em>28. M\u00e4rz bis 29. M\u00e4rz (2 Tage): Drehen an der T\u00f6pferscheibe: 200,00 Euro! Alles belegt!<\/em><\/strong><\/li>\n<\/ul>\n<h2>April 2026<\/h2>\n<ul>\n<li><strong>11. April bis 12. April (2 Tage): Drehen an der T\u00f6pferscheibe! Porzellan f\u00fcr Anf\u00e4nger\/ wei\u00dfes Gold: 260,00 Euro! Alles belegt!<\/strong><\/li>\n<li>\n<h4><em>25. April bis 26. April (2 Tage): Drehen an der T\u00f6pferscheibe: 200,00 Euro! Alles belegt!<\/em><\/h4>\n<\/li>\n<\/ul>\n<h2>Mai 2026<\/h2>\n<ul>\n<li><strong>7. Mai bis 10. Mai (4 Tage): Drehen an der T\u00f6pferscheibe: 385,00 Euro! Alles belegt!<\/strong><\/li>\n<li><em>30. Mai bis 31. Mai (2 Tage): Drehen an der T\u00f6pferscheibe: 200,00 Euro! Alles belegt!\u00a0<\/em><\/li>\n<\/ul>\n<h2>Juni 2026<\/h2>\n<ul>\n<li><strong><em>6. Juni bis 7. Juni (2 Tage): Drehen an der T\u00f6pferscheibe: 200,00 Euro! Alles belegt!<\/em><\/strong><\/li>\n<\/ul>\n<p>&nbsp;<\/p>\n<ul>\n<li><strong>18.Juni bis 21. Juni (4 Tage): Drehen an der T\u00f6pferscheibe: 385,00 Euro! Alles belegt!\u00a0<\/strong><\/li>\n<\/ul>\n<h2>September 2026<\/h2>\n<ul>\n<li><strong>3. September bis 6. September (4 Tage): Drehen an der T\u00f6pferscheibe: 385,00 Euro! Alles belegt!<\/strong><\/li>\n<li><strong>19. September bis 20. September (2 Tage): Porzellan f\u00fcr Anf\u00e4nger und Fortgeschrittene\/ wei\u00dfes Gold: 260,00 Euro! Alles belegt!<\/strong><\/li>\n<li><strong><em>26. September bis 27. September (2 Tage): Drehen an der T\u00f6pferscheibe: 200,00 Euro! Alles belegt! Alles belegt!<\/em><\/strong><\/li>\n<\/ul>\n<h2>Oktober 2026<\/h2>\n<ul>\n<li><strong>22. Oktober bis 25.Oktober (4 Tage): Drehen an der T\u00f6pferscheibe: 385,00 Euro! Alles belegt!<\/strong><\/li>\n<\/ul>\n<h2>November 2026<\/h2>\n<ul>\n<li><strong><em>21. November bis 22. November (2 Tage): Drehen an der T\u00f6pferscheibe: 200,00 Euro! Alles belegt!\u00a0<\/em><\/strong><strong>\u00a0 \u00a0 \u00a0 \u00a0\u00a0<\/strong><\/li>\n<\/ul>\n<h4>Nach Eingang Ihrer Anmeldung erhalten Sie eine automatische e-Mail. Hier sind die Kontodaten sowie weitere Informationen vermerkt (schaut auch im Spam Ordner nach). Die Mail wird automatisch \u00fcbermittelt). <strong><span style=\"color: #ff0000;\">Bitte \u00fcberweisen Sie die Kursgeb\u00fchr (bei Anmeldung von einem Kurs) komplett\u00a0 innerhalb f\u00fcnf Tagen. Bei Anmeldungen von mehreren Kursen (je Teilnehmer), reicht\u00a0 auch eine Anzahlung in H\u00f6he von 50 % f\u00fcr jeden weiteren Kurs. Denn nur so kann ich die Pl\u00e4tze reservieren und die Pl\u00e4tze gerecht vergeben.<\/span>\u00a0<\/strong><\/h4>\n<ol>\n<li>\n<div class=\"wpcf7 no-js\" id=\"wpcf7-f2667-o1\" lang=\"en-US\" dir=\"ltr\" data-wpcf7-id=\"2667\">\n<div class=\"screen-reader-response\"><p role=\"status\" aria-live=\"polite\" aria-atomic=\"true\"><\/p> <ul><\/ul><\/div>\n<form action=\"\/WordPress\/index.php?rest_route=%2Fwp%2Fv2%2Fpages%2F2308#wpcf7-f2667-o1\" method=\"post\" class=\"wpcf7-form init wpcf7-acceptance-as-validation\" aria-label=\"Contact form\" novalidate=\"novalidate\" data-status=\"init\">\n<fieldset class=\"hidden-fields-container\"><input type=\"hidden\" name=\"_wpcf7\" value=\"2667\" \/><input type=\"hidden\" name=\"_wpcf7_version\" value=\"6.1.2\" \/><input type=\"hidden\" name=\"_wpcf7_locale\" value=\"en_US\" \/><input type=\"hidden\" name=\"_wpcf7_unit_tag\" value=\"wpcf7-f2667-o1\" \/><input type=\"hidden\" name=\"_wpcf7_container_post\" value=\"0\" \/><input type=\"hidden\" name=\"_wpcf7_posted_data_hash\" value=\"\" \/>\n<\/fieldset>\n<p>Name\n<\/p>\n<p><span class=\"wpcf7-form-control-wrap\" data-name=\"your-name\"><input size=\"40\" maxlength=\"400\" class=\"wpcf7-form-control wpcf7-text wpcf7-validates-as-required\" aria-required=\"true\" aria-invalid=\"false\" value=\"\" type=\"text\" name=\"your-name\" \/><\/span>\n<\/p>\n<p>Vorname\n<\/p>\n<p><span class=\"wpcf7-form-control-wrap\" data-name=\"your-name-vor\"><input size=\"40\" maxlength=\"400\" class=\"wpcf7-form-control wpcf7-text wpcf7-validates-as-required\" aria-required=\"true\" aria-invalid=\"false\" value=\"\" type=\"text\" name=\"your-name-vor\" \/><\/span>\n<\/p>\n<p> Stra\u00dfe\n<\/p>\n<p><span class=\"wpcf7-form-control-wrap\" data-name=\"your-str\"><input size=\"40\" maxlength=\"400\" class=\"wpcf7-form-control wpcf7-text wpcf7-validates-as-required\" aria-required=\"true\" aria-invalid=\"false\" value=\"\" type=\"text\" name=\"your-str\" \/><\/span>\n<\/p>\n<p>Postleitzahl\n<\/p>\n<p><span class=\"wpcf7-form-control-wrap\" data-name=\"your-plz\"><input size=\"40\" maxlength=\"400\" class=\"wpcf7-form-control wpcf7-text wpcf7-validates-as-required\" aria-required=\"true\" aria-invalid=\"false\" value=\"\" type=\"text\" name=\"your-plz\" \/><\/span>\n<\/p>\n<p> Ort\n<\/p>\n<p><span class=\"wpcf7-form-control-wrap\" data-name=\"your-ort\"><input size=\"40\" maxlength=\"400\" class=\"wpcf7-form-control wpcf7-text wpcf7-validates-as-required\" aria-required=\"true\" aria-invalid=\"false\" value=\"\" type=\"text\" name=\"your-ort\" \/><\/span>\n<\/p>\n<p>Email\n<\/p>\n<p><span class=\"wpcf7-form-control-wrap\" data-name=\"your-email\"><input size=\"40\" maxlength=\"400\" class=\"wpcf7-form-control wpcf7-email wpcf7-validates-as-required wpcf7-text wpcf7-validates-as-email\" aria-required=\"true\" aria-invalid=\"false\" value=\"\" type=\"email\" name=\"your-email\" \/><\/span>\n<\/p>\n<p>Email Kontrolle\n<\/p>\n<p><span class=\"wpcf7-form-control-wrap\" data-name=\"your-email-confirm\"><input size=\"40\" maxlength=\"400\" class=\"wpcf7-form-control wpcf7-email wpcf7-validates-as-required wpcf7-text wpcf7-validates-as-email\" aria-required=\"true\" aria-invalid=\"false\" value=\"\" type=\"email\" name=\"your-email-confirm\" \/><\/span>\n<\/p>\n<p>Telefon\n<\/p>\n<p><span class=\"wpcf7-form-control-wrap\" data-name=\"your-tel\"><input size=\"40\" maxlength=\"400\" class=\"wpcf7-form-control wpcf7-text\" aria-invalid=\"false\" value=\"\" type=\"text\" name=\"your-tel\" \/><\/span>\n<\/p>\n<p>Kurs und Datum\n<\/p>\n<p><span class=\"wpcf7-form-control-wrap\" data-name=\"your-kurs\"><input size=\"40\" maxlength=\"400\" class=\"wpcf7-form-control wpcf7-text wpcf7-validates-as-required\" aria-required=\"true\" aria-invalid=\"false\" value=\"\" type=\"text\" name=\"your-kurs\" \/><\/span>\n<\/p>\n<p><span class=\"wpcf7-form-control-wrap\" data-name=\"acceptance-506\"><span class=\"wpcf7-form-control wpcf7-acceptance\"><span class=\"wpcf7-list-item\"><label><input type=\"checkbox\" name=\"acceptance-506\" value=\"1\" aria-invalid=\"false\" \/><span class=\"wpcf7-list-item-label\">Ich erkl\u00e4re mich mit den nachfolgenden R\u00fccktrittsbedingungen einverstanden.<\/span><\/label><\/span><\/span><\/span><br \/>\n<input class=\"wpcf7-form-control wpcf7-submit has-spinner\" type=\"submit\" value=\"Send\" \/>\n<\/p><div class=\"wpcf7-response-output\" aria-hidden=\"true\"><\/div>\n<\/form>\n<\/div>\n<\/li>\n<li><\/li>\n<li>Bei Buchungen von mehreren Personen pro Kurs bitte f\u00fcr jede Person eine\u00a0 extra Anmeldung.<\/li>\n<li><strong>R\u00fccktrittbedingungen:<\/strong><\/li>\n<li>Wenn ihr an einem Kurs nicht teilnehmen k\u00f6nnt, meldet euch bitte so schnell wie m\u00f6glich bei uns ab. Sollte der Platz noch belegt werden k\u00f6nnen, wird die Anzahlung bis auf eine Bearbeitungsgeb\u00fchr von 10 % der Kursgeb\u00fchr zur\u00fcckbezahlt. Kann der Platz nicht mehr belegt werden, so wird bei Abmeldung von mindestens 8 Wochen vor Kursbeginn 25 % der Kursgeb\u00fchr und danach 50 % der Kursgeb\u00fchr einbehalten. Erfolgt die Abmeldung erst 30 Tage vor dem Kurs, so ist die gesamte Kursgeb\u00fchr zu entrichten. Kann der Kurs von unserer Seite nicht stattfinden, so bekommt ihr selbstverst\u00e4ndlich die kompl. Kursgeb\u00fchr erstattet. F\u00fcr evtl. Kosten die durch Zimmerbuchung oder \u00e4hnliches entstehen, k\u00f6nnen wir nat\u00fcrlich nicht aufkommen. Gl\u00fccklicherweise ist es bisher noch nicht dazu gekommen. Um auf der sicheren Seite zu stehen, empfehle ich eine Reiser\u00fccktrittsversicherung (Seminarversicherung, gibt es schon ab 5,90 \u20ac)!<\/li>\n<li>\n<h4>Tel. 0151\/28825368<\/h4>\n<\/li>\n<li>\n<h4>E-Mail: <a href=\"mailto:kaibecker0368@gmail.com\">kaibecker0368@gmail.com<\/a><\/h4>\n<\/li>\n<li>\n<h3>Aus den unterschiedlichsten Gr\u00fcnden k\u00f6nnen immer wieder Pl\u00e4tze frei werden! Gerne nehme ich euch in die WhatsApp Gruppe (Warteliste) auf. Sobald ein Platz wird, werdet ihr \u00fcber diese Gruppe informiert. Die Gruppe ist so eingerichtet, dass nur ich Benachrichtigungen schreiben kann und alle Mitglieder nur lesen k\u00f6nnen. Also keine Bel\u00e4stigungen durch st\u00e4ndige Nachrichten. Falls ihr an dieser Benachrichtigungsform interessiert seid, schreibt mir also einfach eine WhatsApp (0151\/28825368) mit Namen und der vollst\u00e4ndigen Adresse.<\/h3>\n<\/li>\n<\/ol>\n","protected":false},"excerpt":{"rendered":"<p>Die Termine f\u00fcr 2027 sind ver\u00f6ffentlicht!! Alle Preise wie immer inkl. Material wie in der Kursbeschreibung angegeben! Alle Kurse von 10 bis 16 Uhr an allen Tagen. Alle Kurse finden in 56424 Staudt in der Wiesenstr. 17 in meinen Werkr\u00e4umen statt (Telefon:0151\/28825368). https:\/\/www.instagram.com\/lernorttoepferscheibe\/ Januar 2027 30. Januar bis 31. Januar (2 Tage): Drehen an der [&hellip;]<\/p>\n","protected":false},"author":2,"featured_media":0,"parent":0,"menu_order":1,"comment_status":"closed","ping_status":"closed","template":"","meta":{"footnotes":""},"class_list":["post-2308","page","type-page","status-publish","hentry"],"_links":{"self":[{"href":"https:\/\/www.toepferkurse-becker.de\/WordPress\/index.php?rest_route=\/wp\/v2\/pages\/2308","targetHints":{"allow":["GET"]}}],"collection":[{"href":"https:\/\/www.toepferkurse-becker.de\/WordPress\/index.php?rest_route=\/wp\/v2\/pages"}],"about":[{"href":"https:\/\/www.toepferkurse-becker.de\/WordPress\/index.php?rest_route=\/wp\/v2\/types\/page"}],"author":[{"embeddable":true,"href":"https:\/\/www.toepferkurse-becker.de\/WordPress\/index.php?rest_route=\/wp\/v2\/users\/2"}],"replies":[{"embeddable":true,"href":"https:\/\/www.toepferkurse-becker.de\/WordPress\/index.php?rest_route=%2Fwp%2Fv2%2Fcomments&post=2308"}],"version-history":[{"count":1180,"href":"https:\/\/www.toepferkurse-becker.de\/WordPress\/index.php?rest_route=\/wp\/v2\/pages\/2308\/revisions"}],"predecessor-version":[{"id":8479,"href":"https:\/\/www.toepferkurse-becker.de\/WordPress\/index.php?rest_route=\/wp\/v2\/pages\/2308\/revisions\/8479"}],"wp:attachment":[{"href":"https:\/\/www.toepferkurse-becker.de\/WordPress\/index.php?rest_route=%2Fwp%2Fv2%2Fmedia&parent=2308"}],"curies":[{"name":"wp","href":"https:\/\/api.w.org\/{rel}","templated":true}]}}